{"id":339,"date":"2025-05-29T10:12:43","date_gmt":"2025-05-29T10:12:43","guid":{"rendered":"https:\/\/educalhorce.com\/?page_id=339"},"modified":"2025-06-03T07:03:00","modified_gmt":"2025-06-03T07:03:00","slug":"aviso-legal","status":"publish","type":"page","link":"https:\/\/educalhorce.com\/index.php\/aviso-legal\/","title":{"rendered":"Aviso Legal"},"content":{"rendered":"\t\t<div data-elementor-type=\"wp-page\" data-elementor-id=\"339\" class=\"elementor elementor-339\">\n\t\t\t\t<div class=\"elementor-element elementor-element-689d1aff e-flex e-con-boxed wpr-particle-no wpr-jarallax-no wpr-parallax-no wpr-sticky-section-no e-con e-parent\" data-id=\"689d1aff\" data-element_type=\"container\" data-e-type=\"container\">\n\t\t\t\t\t<div class=\"e-con-inner\">\n\t\t\t\t<div class=\"elementor-element elementor-element-2fa4986a elementor-widget elementor-widget-heading\" data-id=\"2fa4986a\" data-element_type=\"widget\" data-e-type=\"widget\" data-widget_type=\"heading.default\">\n\t\t\t\t<div class=\"elementor-widget-container\">\n\t\t\t\t\t<h2 class=\"elementor-heading-title elementor-size-default\">Aviso Legal<\/h2>\t\t\t\t<\/div>\n\t\t\t\t<\/div>\n\t\t\t\t<div class=\"elementor-element elementor-element-52be6533 elementor-widget-divider--view-line elementor-widget elementor-widget-divider\" data-id=\"52be6533\" data-element_type=\"widget\" data-e-type=\"widget\" data-widget_type=\"divider.default\">\n\t\t\t\t<div class=\"elementor-widget-container\">\n\t\t\t\t\t\t\t<div class=\"elementor-divider\">\n\t\t\t<span class=\"elementor-divider-separator\">\n\t\t\t\t\t\t<\/span>\n\t\t<\/div>\n\t\t\t\t\t\t<\/div>\n\t\t\t\t<\/div>\n\t\t\t\t\t<\/div>\n\t\t\t\t<\/div>\n\t\t<div class=\"elementor-element elementor-element-8433347 e-flex e-con-boxed wpr-particle-no wpr-jarallax-no wpr-parallax-no wpr-sticky-section-no e-con e-parent\" data-id=\"8433347\" data-element_type=\"container\" data-e-type=\"container\">\n\t\t\t\t\t<div class=\"e-con-inner\">\n\t\t\t\t<div class=\"elementor-element elementor-element-59f1b4e elementor-widget elementor-widget-text-editor\" data-id=\"59f1b4e\" data-element_type=\"widget\" data-e-type=\"widget\" data-widget_type=\"text-editor.default\">\n\t\t\t\t<div class=\"elementor-widget-container\">\n\t\t\t\t\t\t\t\t\t<p>AVISO LEGAL: Recogida de datos en p\u00e1gina web (LSSICE + LOPD)<br \/>(A insertar en los formularios de contacto\/recogida de datos que existan en la p\u00e1gina web)<br \/>\u00abEn cumplimiento del Reglamento General de Protecci\u00f3n de Datos (UE) 2016\/679 del Parlamento Europeo y<br \/>del Consejo de 27 de abril de 2016 y la ley org\u00e1nica 3\/2018 de 5 de diciembre de Protecci\u00f3n de Datos<br \/>Personales y de Garant\u00eda de los Derechos Digitales le informamos que los datos por Vd. proporcionados ser\u00e1n<br \/>objeto de tratamiento por parte de DOMELOPE S.L. con CIF B92615962, con domicilio en ESTACION DE<br \/>CARTAMA; ESCALERAS (MALAGA), C.P. 29580, CALLE JOSE MARTIN RUIZ N\u00ba 30 , con la finalidad de prestarle el<br \/>servicio solicitado y\/o contratado, realizar la facturaci\u00f3n del mismo.<br \/>La base legal para el tratamiento de sus datos es la ejecuci\u00f3n del servicio por usted contratado y\/o solicitado.<br \/>La oferta prospectiva de productos y servicios est\u00e1 basada en el consentimiento que se le solicita, sin que en<br \/>ning\u00fan caso la retirada de este consentimiento condicione la ejecuci\u00f3n del contrato.<br \/>Los datos proporcionados se conservar\u00e1n mientras se mantenga la relaci\u00f3n comercial o durante los a\u00f1os<br \/>necesarios para cumplir con las obligaciones legales. Los datos no se ceder\u00e1n a terceros salvo en los casos en<br \/>que exista una obligaci\u00f3n legal.<br \/>Usted tiene derecho a obtener confirmaci\u00f3n sobre si en DOMELOPE S.L. estamos tratando sus datos<br \/>personales y por tanto tiene derecho a ejercer sus derechos de acceso, rectificaci\u00f3n, limitaci\u00f3n del<br \/>tratamiento, portabilidad, oposici\u00f3n al tratamiento y supresi\u00f3n de sus datos mediante escrito dirigido a la<br \/>direcci\u00f3n postal arriba mencionada o electr\u00f3nica educalhorce@live.com, adjuntando copia del DNI en ambos<br \/>casos, as\u00ed como el derecho a presentar una reclamaci\u00f3n ante la Autoridad de Control (aepd.es)<br \/>Asimismo le solicitamos su autorizaci\u00f3n para ofrecerle productos y servicios relacionados con los solicitados,<br \/>prestados y\/o comercializados por nuestra entidad y poder de esa forma fidelizarle como cliente.<br \/>[ ] Si<br \/>[ ] No<br \/>LEGAL NOTICE: Data collection on the website (LSSICE + LOPD Spanish Laws)<br \/>\u00abIn compliance with the Data Protection General Regulation (EU) 2016\/679 of the European Parliament and the<br \/>Council, on the 27th April 2016 and Organic Law 3\/2018 of December 5th on Personal Data Protection and<br \/>Guarantee of Digital Rights, we inform you that the provided personal data will be processed by DOMELOPE<br \/>S.L. with VAT number B92615962, addressed in ESTACION DE CARTAMA; ESCALERAS (MALAGA), C.P. 29580,<br \/>CALLE CALLE JOSE MARTIN RUIZ N\u00ba 30, to provide the requested service, and make the billing of it.<br \/>The legal basis for the processing of your personal data is the execution of the contracted service. The future<br \/>offer of products and services will be based on the requested consent, and in the case of the withdrawal of this<br \/>consent, this would never condition the execution of the contract.<br \/>The data provided will be kept as long as the commercial relationship is maintained or during the years<br \/>necessary to comply with the legal obligations. The data will not be transferred to third parties except in cases<br \/>where there is a legal obligation.<br \/>You have the right to obtain confirmation of whether or not we are treating your personal data under<br \/>DOMELOPE S.L. and therefore you have the right to exercise your rights of access, rectification, treatment<br \/>limitation, portability, opposition to treatment and suppression of your data by writing to the address postal<br \/>mentioned above or electronic account educalhorce@live.com attached mail copy of the ID in both cases, as<br \/>well as the right to file a claim with the Control Authority (aepd.es) \u00ab.<br \/>We also request authorization to offer you products and services related to those requested, executed and\/or<br \/>marketed by our company enabling us to keep you as a client.<br \/>[ ] Yes<br \/>[ ] No<\/p>\t\t\t\t\t\t\t\t<\/div>\n\t\t\t\t<\/div>\n\t\t\t\t\t<\/div>\n\t\t\t\t<\/div>\n\t\t\t\t<\/div>\n\t\t","protected":false},"excerpt":{"rendered":"<p>Aviso Legal AVISO LEGAL: Recogida de datos en p\u00e1gina web (LSSICE + LOPD)(A insertar en los formularios de contacto\/recogida de datos que existan en la p\u00e1gina web)\u00abEn cumplimiento del Reglamento General de Protecci\u00f3n de Datos (UE) 2016\/679 del Parlamento Europeo ydel Consejo de 27 de abril de 2016 y la ley org\u00e1nica 3\/2018 de 5 de diciembre de Protecci\u00f3n de DatosPersonales y de Garant\u00eda de los Derechos Digitales le informamos que los datos por Vd. proporcionados ser\u00e1nobjeto de tratamiento por parte de DOMELOPE S.L. con CIF B92615962, con domicilio en ESTACION DECARTAMA; ESCALERAS (MALAGA), C.P. 29580, CALLE JOSE MARTIN RUIZ N\u00ba 30 , con la finalidad de prestarle elservicio solicitado y\/o contratado, realizar la facturaci\u00f3n del mismo.La base legal para el tratamiento de sus datos es la ejecuci\u00f3n del servicio por usted contratado y\/o solicitado.La oferta prospectiva de productos y servicios est\u00e1 basada en el consentimiento que se le solicita, sin que enning\u00fan caso la retirada de este consentimiento condicione la ejecuci\u00f3n del contrato.Los datos proporcionados se conservar\u00e1n mientras se mantenga la relaci\u00f3n comercial o durante los a\u00f1osnecesarios para cumplir con las obligaciones legales. Los datos no se ceder\u00e1n a terceros salvo en los casos enque exista una obligaci\u00f3n legal.Usted tiene derecho a obtener confirmaci\u00f3n sobre si en DOMELOPE S.L. estamos tratando sus datospersonales y por tanto tiene derecho a ejercer sus derechos de acceso, rectificaci\u00f3n, limitaci\u00f3n deltratamiento, portabilidad, oposici\u00f3n al tratamiento y supresi\u00f3n de sus datos mediante escrito dirigido a ladirecci\u00f3n postal arriba mencionada o electr\u00f3nica educalhorce@live.com, adjuntando copia del DNI en amboscasos, as\u00ed como el derecho a presentar una reclamaci\u00f3n ante la Autoridad de Control (aepd.es)Asimismo le solicitamos su autorizaci\u00f3n para ofrecerle productos y servicios relacionados con los solicitados,prestados y\/o comercializados por nuestra entidad y poder de esa forma fidelizarle como cliente.[ ] Si[ ] NoLEGAL NOTICE: Data collection on the website (LSSICE + LOPD Spanish Laws)\u00abIn compliance with the Data Protection General Regulation (EU) 2016\/679 of the European Parliament and theCouncil, on the 27th April 2016 and Organic Law 3\/2018 of December 5th on Personal Data Protection andGuarantee of Digital Rights, we inform you that the provided personal data will be processed by DOMELOPES.L. with VAT number B92615962, addressed in ESTACION DE CARTAMA; ESCALERAS (MALAGA), C.P. 29580,CALLE CALLE JOSE MARTIN RUIZ N\u00ba 30, to provide the requested service, and make the billing of it.The legal basis for the processing of your personal data is the execution of the contracted service. The futureoffer of products and services will be based on the requested consent, and in the case of the withdrawal of thisconsent, this would never condition the execution of the contract.The data provided will be kept as long as the commercial relationship is maintained or during the yearsnecessary to comply with the legal obligations. The data will not be transferred to third parties except in caseswhere there is a legal obligation.You have the right to obtain confirmation of whether or not we are treating your personal data underDOMELOPE S.L. and therefore you have the right to exercise your rights of access, rectification, treatmentlimitation, portability, opposition to treatment and suppression of your data by writing to the address postalmentioned above or electronic account educalhorce@live.com attached mail copy of the ID in both cases, aswell as the right to file a claim with the Control Authority (aepd.es) \u00ab.We also request authorization to offer you products and services related to those requested, executed and\/ormarketed by our company enabling us to keep you as a client.[ ] Yes[ ] No<\/p>\n","protected":false},"author":1,"featured_media":0,"parent":0,"menu_order":0,"comment_status":"closed","ping_status":"closed","template":"","meta":{"site-sidebar-layout":"no-sidebar","site-content-layout":"","ast-site-content-layout":"full-width-container","site-content-style":"default","site-sidebar-style":"default","ast-global-header-display":"","ast-banner-title-visibility":"","ast-main-header-display":"","ast-hfb-above-header-display":"","ast-hfb-below-header-display":"","ast-hfb-mobile-header-display":"","site-post-title":"disabled","ast-breadcrumbs-content":"","ast-featured-img":"disabled","footer-sml-layout":"","ast-disable-related-posts":"","theme-transparent-header-meta":"","adv-header-id-meta":"","stick-header-meta":"","header-above-stick-meta":"","header-main-stick-meta":"","header-below-stick-meta":"","astra-migrate-meta-layouts":"default","ast-page-background-enabled":"default","ast-page-background-meta":{"desktop":{"background-color":"var(--ast-global-color-4)","background-image":"","background-repeat":"repeat","background-position":"center center","background-size":"auto","background-attachment":"scroll","background-type":"","background-media":"","overlay-type":"","overlay-color":"","overlay-opacity":"","overlay-gradient":""},"tablet":{"background-color":"","background-image":"","background-repeat":"repeat","background-position":"center center","background-size":"auto","background-attachment":"scroll","background-type":"","background-media":"","overlay-type":"","overlay-color":"","overlay-opacity":"","overlay-gradient":""},"mobile":{"background-color":"","background-image":"","background-repeat":"repeat","background-position":"center center","background-size":"auto","background-attachment":"scroll","background-type":"","background-media":"","overlay-type":"","overlay-color":"","overlay-opacity":"","overlay-gradient":""}},"ast-content-background-meta":{"desktop":{"background-color":"var(--ast-global-color-5)","background-image":"","background-repeat":"repeat","background-position":"center center","background-size":"auto","background-attachment":"scroll","background-type":"","background-media":"","overlay-type":"","overlay-color":"","overlay-opacity":"","overlay-gradient":""},"tablet":{"background-color":"var(--ast-global-color-5)","background-image":"","background-repeat":"repeat","background-position":"center center","background-size":"auto","background-attachment":"scroll","background-type":"","background-media":"","overlay-type":"","overlay-color":"","overlay-opacity":"","overlay-gradient":""},"mobile":{"background-color":"var(--ast-global-color-5)","background-image":"","background-repeat":"repeat","background-position":"center center","background-size":"auto","background-attachment":"scroll","background-type":"","background-media":"","overlay-type":"","overlay-color":"","overlay-opacity":"","overlay-gradient":""}},"_joinchat":[],"footnotes":""},"class_list":["post-339","page","type-page","status-publish","hentry"],"_links":{"self":[{"href":"https:\/\/educalhorce.com\/index.php\/wp-json\/wp\/v2\/pages\/339","targetHints":{"allow":["GET"]}}],"collection":[{"href":"https:\/\/educalhorce.com\/index.php\/wp-json\/wp\/v2\/pages"}],"about":[{"href":"https:\/\/educalhorce.com\/index.php\/wp-json\/wp\/v2\/types\/page"}],"author":[{"embeddable":true,"href":"https:\/\/educalhorce.com\/index.php\/wp-json\/wp\/v2\/users\/1"}],"replies":[{"embeddable":true,"href":"https:\/\/educalhorce.com\/index.php\/wp-json\/wp\/v2\/comments?post=339"}],"version-history":[{"count":7,"href":"https:\/\/educalhorce.com\/index.php\/wp-json\/wp\/v2\/pages\/339\/revisions"}],"predecessor-version":[{"id":360,"href":"https:\/\/educalhorce.com\/index.php\/wp-json\/wp\/v2\/pages\/339\/revisions\/360"}],"wp:attachment":[{"href":"https:\/\/educalhorce.com\/index.php\/wp-json\/wp\/v2\/media?parent=339"}],"curies":[{"name":"wp","href":"https:\/\/api.w.org\/{rel}","templated":true}]}}